{"id":1169,"date":"2015-11-17T14:35:42","date_gmt":"2015-11-17T13:35:42","guid":{"rendered":"http:\/\/www.palaiseau-basket.fr\/wp\/?page_id=1169"},"modified":"2017-08-13T13:55:22","modified_gmt":"2017-08-13T12:55:22","slug":"palmares-2011-2012","status":"publish","type":"page","link":"https:\/\/www.palaiseau-basket.fr\/wp\/palmares-2011-2012\/","title":{"rendered":"Palmar\u00e8s 2011-2012"},"content":{"rendered":"<h2><img loading=\"lazy\" decoding=\"async\" class=\"alignnone size-full wp-image-2372\" src=\"http:\/\/www.palaiseau-basket.fr\/wp\/wp-content\/uploads\/2015\/11\/Palmares-2011-2012.jpg\" alt=\"\" width=\"1024\" height=\"768\" srcset=\"https:\/\/www.palaiseau-basket.fr\/wp\/wp-content\/uploads\/2015\/11\/Palmares-2011-2012.jpg 1024w, https:\/\/www.palaiseau-basket.fr\/wp\/wp-content\/uploads\/2015\/11\/Palmares-2011-2012-150x113.jpg 150w, https:\/\/www.palaiseau-basket.fr\/wp\/wp-content\/uploads\/2015\/11\/Palmares-2011-2012-300x225.jpg 300w, https:\/\/www.palaiseau-basket.fr\/wp\/wp-content\/uploads\/2015\/11\/Palmares-2011-2012-768x576.jpg 768w\" sizes=\"auto, (max-width: 1024px) 100vw, 1024px\" \/><\/h2>\n<h2>Filles<\/h2>\n[table]\n<p>Championnat,Poule,Equipe,Classement<\/p>\n<p>National f\u00e9minin 2,C,S\u00e9nior-F1,7e du championnat et Coupe de l&rsquo;Essonne<\/p>\n<p>Promo Excellence R\u00e9gion,A,S\u00e9nior-F2,5e du championnat<\/p>\n<p>Honneur D\u00e9part.,A,S\u00e9nior-F3,4e\u00a0du championnat<\/p>\n<p>3\u00e8me Division D\u00e9part.,B,Cadette 1-U17F1,4e\u00a0du championnat<\/p>\n<p>2\u00e8me Division D\u00e9part.,A,Cadette 2-U17F2,2e\u00a0du championnat<\/p>\n<p>Excellence D\u00e9part.,B,Minime-U15F,4e\u00a0du championnat<\/p>\n<p>Excellence D\u00e9part.,A,Benjamine1-U13F1,2e\u00a0du championnat<\/p>\n<p>Honneur\u00a0D\u00e9part.,A,Benjamine2-U13F2,2e\u00a0du championnat<\/p>\n<p>Honneur\u00a0D\u00e9part.,A,Poussine-U11F,2e\u00a0du championnat<\/p>\n[\/table]\n<p>&nbsp;<\/p>\n<h2>Gar\u00e7ons<\/h2>\n[table]\n<p>Championnat,Poule,Equipe,Classement<\/p>\n<p>Excellence R\u00e9gion,A,S\u00e9nior-M1,12e du championnat<\/p>\n<p>Excellence D\u00e9part.,A,S\u00e9nior-M2,2e du championnat \/ Mont\u00e9e<\/p>\n<p>1\u00e8re Division D\u00e9part.,A,S\u00e9nior-M3,4e\u00a0du championnat<\/p>\n<p>Premi\u00e8re Div. R\u00e9gion.,A,Cadet 1-U17M1,3e\u00a0du championnat<\/p>\n<p>Promo Excellence\u00a0D\u00e9part.,A,Cadet 2-U17M2,2e\u00a0du championnat<\/p>\n<p>2\u00e8me\u00a0Division D\u00e9part.,B,Cadet 3-U17M3,2e\u00a0du championnat<\/p>\n<p>2\u00e8me\u00a0Division D\u00e9part.,C,Cadet 4-U17M4,6e\u00a0du championnat<\/p>\n<p>Excellence\u00a0D\u00e9part.,A,Minime 1-U15M1,3e\u00a0du championnat<\/p>\n<p>2\u00e8me\u00a0Division D\u00e9part.,B,Minime 2-U15M2,1e\u00a0du championnat<\/p>\n<p>3\u00e8me\u00a0Division R\u00e9gion.,A,Benjamin 1-U13M1,6e\u00a0du championnat<\/p>\n<p>2\u00e8me\u00a0Division D\u00e9part.,C,Benjamin 2-U13M2,4e\u00a0du championnat<\/p>\n<p>U10 Expert Pratiq.,A,Poussin 1-U11M1,2e\u00a0du championnat<\/p>\n<p>U10 Expert Pratiq..,C,Poussin 2-U11M2,5e\u00a0du championnat<\/p>\n[\/table]\n","protected":false},"excerpt":{"rendered":"<p>Filles [table] Championnat,Poule,Equipe,Classement National f\u00e9minin 2,C,S\u00e9nior-F1,7e du championnat et Coupe de l&rsquo;Essonne Promo Excellence R\u00e9gion,A,S\u00e9nior-F2,5e du championnat Honneur D\u00e9part.,A,S\u00e9nior-F3,4e\u00a0du championnat 3\u00e8me Division D\u00e9part.,B,Cadette 1-U17F1,4e\u00a0du championnat 2\u00e8me Division D\u00e9part.,A,Cadette 2-U17F2,2e\u00a0du championnat Excellence D\u00e9part.,B,Minime-U15F,4e\u00a0du championnat Excellence D\u00e9part.,A,Benjamine1-U13F1,2e\u00a0du championnat Honneur\u00a0D\u00e9part.,A,Benjamine2-U13F2,2e\u00a0du championnat Honneur\u00a0D\u00e9part.,A,Poussine-U11F,2e\u00a0du championnat [\/table] &nbsp; Gar\u00e7ons [table] Championnat,Poule,Equipe,Classement Excellence R\u00e9gion,A,S\u00e9nior-M1,12e du championnat Excellence D\u00e9part.,A,S\u00e9nior-M2,2e du championnat \/ Mont\u00e9e 1\u00e8re Division D\u00e9part.,A,S\u00e9nior-M3,4e\u00a0du championnat Premi\u00e8re Div. R\u00e9gion.,A,Cadet 1-U17M1,3e\u00a0du championnat Promo Excellence\u00a0D\u00e9part.,A,Cadet 2-U17M2,2e\u00a0du championnat 2\u00e8me\u00a0Division D\u00e9part.,B,Cadet 3-U17M3,2e\u00a0du championnat 2\u00e8me\u00a0Division D\u00e9part.,C,Cadet 4-U17M4,6e\u00a0du championnat Excellence\u00a0D\u00e9part.,A,Minime 1-U15M1,3e\u00a0du championnat 2\u00e8me\u00a0Division D\u00e9part.,B,Minime 2-U15M2,1e\u00a0du championnat 3\u00e8me\u00a0Division R\u00e9gion.,A,Benjamin 1-U13M1,6e\u00a0du championnat 2\u00e8me\u00a0Division D\u00e9part.,C,Benjamin 2-U13M2,4e\u00a0du championnat U10 Expert Pratiq.,A,Poussin 1-U11M1,2e\u00a0du championnat U10 Expert Pratiq..,C,Poussin 2-U11M2,5e\u00a0du championnat [\/table]<\/p>\n","protected":false},"author":2,"featured_media":0,"parent":0,"menu_order":0,"comment_status":"open","ping_status":"open","template":"","meta":{"footnotes":""},"class_list":["post-1169","page","type-page","status-publish","hentry"],"aioseo_notices":[],"_links":{"self":[{"href":"https:\/\/www.palaiseau-basket.fr\/wp\/wp-json\/wp\/v2\/pages\/1169","targetHints":{"allow":["GET"]}}],"collection":[{"href":"https:\/\/www.palaiseau-basket.fr\/wp\/wp-json\/wp\/v2\/pages"}],"about":[{"href":"https:\/\/www.palaiseau-basket.fr\/wp\/wp-json\/wp\/v2\/types\/page"}],"author":[{"embeddable":true,"href":"https:\/\/www.palaiseau-basket.fr\/wp\/wp-json\/wp\/v2\/users\/2"}],"replies":[{"embeddable":true,"href":"https:\/\/www.palaiseau-basket.fr\/wp\/wp-json\/wp\/v2\/comments?post=1169"}],"version-history":[{"count":9,"href":"https:\/\/www.palaiseau-basket.fr\/wp\/wp-json\/wp\/v2\/pages\/1169\/revisions"}],"predecessor-version":[{"id":2373,"href":"https:\/\/www.palaiseau-basket.fr\/wp\/wp-json\/wp\/v2\/pages\/1169\/revisions\/2373"}],"wp:attachment":[{"href":"https:\/\/www.palaiseau-basket.fr\/wp\/wp-json\/wp\/v2\/media?parent=1169"}],"curies":[{"name":"wp","href":"https:\/\/api.w.org\/{rel}","templated":true}]}}