{"id":2465,"date":"2017-09-19T10:57:00","date_gmt":"2017-09-19T09:57:00","guid":{"rendered":"http:\/\/www.palaiseau-basket.fr\/wp\/?page_id=2465"},"modified":"2024-09-24T00:32:15","modified_gmt":"2024-09-23T23:32:15","slug":"reglement","status":"publish","type":"page","link":"https:\/\/www.palaiseau-basket.fr\/wp\/reglement\/","title":{"rendered":"R\u00e8glement"},"content":{"rendered":"\n<figure class=\"wp-block-image size-large is-resized\"><img loading=\"lazy\" decoding=\"async\" width=\"1024\" height=\"575\" src=\"https:\/\/www.palaiseau-basket.fr\/wp\/wp-content\/uploads\/2024\/09\/Art-17-P1-1024x575.png\" alt=\"\" class=\"wp-image-7154\" style=\"width:840px;height:auto\" srcset=\"https:\/\/www.palaiseau-basket.fr\/wp\/wp-content\/uploads\/2024\/09\/Art-17-P1-1024x575.png 1024w, https:\/\/www.palaiseau-basket.fr\/wp\/wp-content\/uploads\/2024\/09\/Art-17-P1-300x168.png 300w, https:\/\/www.palaiseau-basket.fr\/wp\/wp-content\/uploads\/2024\/09\/Art-17-P1-150x84.png 150w, https:\/\/www.palaiseau-basket.fr\/wp\/wp-content\/uploads\/2024\/09\/Art-17-P1-768x431.png 768w, https:\/\/www.palaiseau-basket.fr\/wp\/wp-content\/uploads\/2024\/09\/Art-17-P1-1140x640.png 1140w, https:\/\/www.palaiseau-basket.fr\/wp\/wp-content\/uploads\/2024\/09\/Art-17-P1.png 1364w\" sizes=\"auto, (max-width: 1024px) 100vw, 1024px\" \/><\/figure>\n\n\n\n<figure class=\"wp-block-image size-large\"><img loading=\"lazy\" decoding=\"async\" width=\"1024\" height=\"577\" src=\"https:\/\/www.palaiseau-basket.fr\/wp\/wp-content\/uploads\/2024\/09\/Art-17-P2-1024x577.png\" alt=\"\" class=\"wp-image-7155\" srcset=\"https:\/\/www.palaiseau-basket.fr\/wp\/wp-content\/uploads\/2024\/09\/Art-17-P2-1024x577.png 1024w, https:\/\/www.palaiseau-basket.fr\/wp\/wp-content\/uploads\/2024\/09\/Art-17-P2-300x169.png 300w, https:\/\/www.palaiseau-basket.fr\/wp\/wp-content\/uploads\/2024\/09\/Art-17-P2-150x85.png 150w, https:\/\/www.palaiseau-basket.fr\/wp\/wp-content\/uploads\/2024\/09\/Art-17-P2-768x433.png 768w, https:\/\/www.palaiseau-basket.fr\/wp\/wp-content\/uploads\/2024\/09\/Art-17-P2-1140x643.png 1140w, https:\/\/www.palaiseau-basket.fr\/wp\/wp-content\/uploads\/2024\/09\/Art-17-P2.png 1359w\" sizes=\"auto, (max-width: 1024px) 100vw, 1024px\" \/><\/figure>\n\n\n\n<figure class=\"wp-block-embed is-type-video is-provider-youtube wp-block-embed-youtube wp-embed-aspect-16-9 wp-has-aspect-ratio\"><div class=\"wp-block-embed__wrapper\">\n<iframe loading=\"lazy\" title=\"Lun10 clips N\u00b015-Violations lancer-franc\" width=\"960\" height=\"540\" src=\"https:\/\/www.youtube.com\/embed\/YDvtuTKDIgM?feature=oembed\" frameborder=\"0\" allow=\"accelerometer; autoplay; clipboard-write; encrypted-media; gyroscope; picture-in-picture; web-share\" referrerpolicy=\"strict-origin-when-cross-origin\" allowfullscreen><\/iframe>\n<\/div><\/figure>\n\n\n\n<figure class=\"wp-block-embed is-type-video is-provider-youtube wp-block-embed-youtube wp-embed-aspect-16-9 wp-has-aspect-ratio\"><div class=\"wp-block-embed__wrapper\">\n<iframe loading=\"lazy\" title=\"Lun10 clips N\u00b016-Violations du pied\" width=\"960\" height=\"540\" src=\"https:\/\/www.youtube.com\/embed\/lhkqYmgNhmI?feature=oembed\" frameborder=\"0\" allow=\"accelerometer; autoplay; clipboard-write; encrypted-media; gyroscope; picture-in-picture; web-share\" referrerpolicy=\"strict-origin-when-cross-origin\" allowfullscreen><\/iframe>\n<\/div><\/figure>\n\n\n\n<figure class=\"wp-block-embed is-type-video is-provider-youtube wp-block-embed-youtube wp-embed-aspect-16-9 wp-has-aspect-ratio\"><div class=\"wp-block-embed__wrapper\">\n<iframe loading=\"lazy\" title=\"Lun10 clips N\u00b017-Remises en jeu\" width=\"960\" height=\"540\" src=\"https:\/\/www.youtube.com\/embed\/9k9F9h9B-D8?feature=oembed\" frameborder=\"0\" allow=\"accelerometer; autoplay; clipboard-write; encrypted-media; gyroscope; picture-in-picture; web-share\" referrerpolicy=\"strict-origin-when-cross-origin\" allowfullscreen><\/iframe>\n<\/div><\/figure>\n\n\n\n<figure class=\"wp-block-embed is-type-video is-provider-youtube wp-block-embed-youtube wp-embed-aspect-16-9 wp-has-aspect-ratio\"><div class=\"wp-block-embed__wrapper\">\n<iframe loading=\"lazy\" title=\"Lun10 clips N\u00b018-Retour en zone arri\u00e8re\" width=\"960\" height=\"540\" src=\"https:\/\/www.youtube.com\/embed\/IFIEqT8AyVs?feature=oembed\" frameborder=\"0\" allow=\"accelerometer; autoplay; clipboard-write; encrypted-media; gyroscope; picture-in-picture; web-share\" referrerpolicy=\"strict-origin-when-cross-origin\" allowfullscreen><\/iframe>\n<\/div><\/figure>\n\n\n\n<figure class=\"wp-block-embed is-type-video is-provider-youtube wp-block-embed-youtube wp-embed-aspect-16-9 wp-has-aspect-ratio\"><div class=\"wp-block-embed__wrapper\">\n<iframe loading=\"lazy\" title=\"Lun10 clips N\u00b019-Goaltending\" width=\"960\" height=\"540\" src=\"https:\/\/www.youtube.com\/embed\/7K4FxSo1IMQ?feature=oembed\" frameborder=\"0\" allow=\"accelerometer; autoplay; clipboard-write; encrypted-media; gyroscope; picture-in-picture; web-share\" referrerpolicy=\"strict-origin-when-cross-origin\" allowfullscreen><\/iframe>\n<\/div><\/figure>\n\n\n\n<figure class=\"wp-block-embed is-type-video is-provider-youtube wp-block-embed-youtube wp-embed-aspect-16-9 wp-has-aspect-ratio\"><div class=\"wp-block-embed__wrapper\">\n<iframe loading=\"lazy\" title=\"Lun10 clips N\u00b020-Intervention ill\u00e9gale sur le panier\" width=\"960\" height=\"540\" src=\"https:\/\/www.youtube.com\/embed\/TpTyfMLcD8w?feature=oembed\" frameborder=\"0\" allow=\"accelerometer; autoplay; clipboard-write; encrypted-media; gyroscope; picture-in-picture; web-share\" referrerpolicy=\"strict-origin-when-cross-origin\" allowfullscreen><\/iframe>\n<\/div><\/figure>\n\n\n\n<figure class=\"wp-block-embed is-type-video is-provider-youtube wp-block-embed-youtube wp-embed-aspect-16-9 wp-has-aspect-ratio\"><div class=\"wp-block-embed__wrapper\">\n<iframe loading=\"lazy\" title=\"Lun10 clips N\u00b021-Possession altern\u00e9e\" width=\"960\" height=\"540\" src=\"https:\/\/www.youtube.com\/embed\/ZaoCeV3JzRo?feature=oembed\" frameborder=\"0\" allow=\"accelerometer; autoplay; clipboard-write; encrypted-media; gyroscope; picture-in-picture; web-share\" referrerpolicy=\"strict-origin-when-cross-origin\" allowfullscreen><\/iframe>\n<\/div><\/figure>\n\n\n\n<figure class=\"wp-block-embed is-type-video is-provider-youtube wp-block-embed-youtube wp-embed-aspect-16-9 wp-has-aspect-ratio\"><div class=\"wp-block-embed__wrapper\">\n<iframe loading=\"lazy\" title=\"Lun10 clips N\u00b022-Les d\u00e9marquages\" width=\"960\" height=\"540\" src=\"https:\/\/www.youtube.com\/embed\/A4P_ffxr-lI?feature=oembed\" frameborder=\"0\" allow=\"accelerometer; autoplay; clipboard-write; encrypted-media; gyroscope; picture-in-picture; web-share\" referrerpolicy=\"strict-origin-when-cross-origin\" allowfullscreen><\/iframe>\n<\/div><\/figure>\n\n\n\n<figure class=\"wp-block-embed is-type-video is-provider-youtube wp-block-embed-youtube wp-embed-aspect-16-9 wp-has-aspect-ratio\"><div class=\"wp-block-embed__wrapper\">\n<iframe loading=\"lazy\" title=\"Lun10 clips N\u00b023-Les rebonds\" width=\"960\" height=\"540\" src=\"https:\/\/www.youtube.com\/embed\/oofUse9QXXQ?feature=oembed\" frameborder=\"0\" allow=\"accelerometer; autoplay; clipboard-write; encrypted-media; gyroscope; picture-in-picture; web-share\" referrerpolicy=\"strict-origin-when-cross-origin\" allowfullscreen><\/iframe>\n<\/div><\/figure>\n\n\n\n<figure class=\"wp-block-embed is-type-video is-provider-youtube wp-block-embed-youtube wp-embed-aspect-16-9 wp-has-aspect-ratio\"><div class=\"wp-block-embed__wrapper\">\n<iframe loading=\"lazy\" title=\"Lun10 clips N\u00b024-Les \u00e9crans sur porteur\" width=\"960\" height=\"540\" src=\"https:\/\/www.youtube.com\/embed\/5JtNu7KUJO0?feature=oembed\" frameborder=\"0\" allow=\"accelerometer; autoplay; clipboard-write; encrypted-media; gyroscope; picture-in-picture; web-share\" referrerpolicy=\"strict-origin-when-cross-origin\" allowfullscreen><\/iframe>\n<\/div><\/figure>\n\n\n\n<figure class=\"wp-block-embed is-type-video is-provider-youtube wp-block-embed-youtube wp-embed-aspect-16-9 wp-has-aspect-ratio\"><div class=\"wp-block-embed__wrapper\">\n<iframe loading=\"lazy\" title=\"Lun10 clips N\u00b025-Les \u00e9crans sur non porteur\" width=\"960\" height=\"540\" src=\"https:\/\/www.youtube.com\/embed\/YN-0Mka1Omo?feature=oembed\" frameborder=\"0\" allow=\"accelerometer; autoplay; clipboard-write; encrypted-media; gyroscope; picture-in-picture; web-share\" referrerpolicy=\"strict-origin-when-cross-origin\" allowfullscreen><\/iframe>\n<\/div><\/figure>\n\n\n\n<figure class=\"wp-block-embed is-type-video is-provider-youtube wp-block-embed-youtube wp-embed-aspect-16-9 wp-has-aspect-ratio\"><div class=\"wp-block-embed__wrapper\">\n<iframe loading=\"lazy\" title=\"Lun10 clips N\u00b026-Jeu post\u00e9\" width=\"960\" height=\"540\" src=\"https:\/\/www.youtube.com\/embed\/a72vY7MnnCE?feature=oembed\" frameborder=\"0\" allow=\"accelerometer; autoplay; clipboard-write; encrypted-media; gyroscope; picture-in-picture; web-share\" referrerpolicy=\"strict-origin-when-cross-origin\" allowfullscreen><\/iframe>\n<\/div><\/figure>\n\n\n\n<figure class=\"wp-block-embed is-type-video is-provider-youtube wp-block-embed-youtube wp-embed-aspect-16-9 wp-has-aspect-ratio\"><div class=\"wp-block-embed__wrapper\">\n<iframe loading=\"lazy\" title=\"Lun10 clips N\u00b027-Obstruction ou charge\" width=\"960\" height=\"540\" src=\"https:\/\/www.youtube.com\/embed\/JHFkEyS5IHU?feature=oembed\" frameborder=\"0\" allow=\"accelerometer; autoplay; clipboard-write; encrypted-media; gyroscope; picture-in-picture; web-share\" referrerpolicy=\"strict-origin-when-cross-origin\" allowfullscreen><\/iframe>\n<\/div><\/figure>\n\n\n\n<figure class=\"wp-block-embed is-type-video is-provider-youtube wp-block-embed-youtube wp-embed-aspect-16-9 wp-has-aspect-ratio\"><div class=\"wp-block-embed__wrapper\">\n<iframe loading=\"lazy\" title=\"Lun10 clips N\u00b028-Simulation\" width=\"960\" height=\"540\" src=\"https:\/\/www.youtube.com\/embed\/6GpYZe4SekA?feature=oembed\" frameborder=\"0\" allow=\"accelerometer; autoplay; clipboard-write; encrypted-media; gyroscope; picture-in-picture; web-share\" referrerpolicy=\"strict-origin-when-cross-origin\" allowfullscreen><\/iframe>\n<\/div><\/figure>\n\n\n\n<figure class=\"wp-block-embed is-type-video is-provider-youtube wp-block-embed-youtube wp-embed-aspect-16-9 wp-has-aspect-ratio\"><div class=\"wp-block-embed__wrapper\">\n<iframe loading=\"lazy\" title=\"Lun10 clips N\u00b029-Le demi-cercle de non charge\" width=\"960\" height=\"540\" src=\"https:\/\/www.youtube.com\/embed\/ZfcozWQJKTM?feature=oembed\" frameborder=\"0\" allow=\"accelerometer; autoplay; clipboard-write; encrypted-media; gyroscope; picture-in-picture; web-share\" referrerpolicy=\"strict-origin-when-cross-origin\" allowfullscreen><\/iframe>\n<\/div><\/figure>\n\n\n\n<figure class=\"wp-block-embed is-type-video is-provider-youtube wp-block-embed-youtube wp-embed-aspect-16-9 wp-has-aspect-ratio\"><div class=\"wp-block-embed__wrapper\">\n<iframe loading=\"lazy\" title=\"Lun10 clips N\u00b030-Crochets et cl\u00e9s de bras\" width=\"960\" height=\"540\" src=\"https:\/\/www.youtube.com\/embed\/rRSys2HjLVo?feature=oembed\" frameborder=\"0\" allow=\"accelerometer; autoplay; clipboard-write; encrypted-media; gyroscope; picture-in-picture; web-share\" referrerpolicy=\"strict-origin-when-cross-origin\" allowfullscreen><\/iframe>\n<\/div><\/figure>\n\n\n\n<figure class=\"wp-block-embed is-type-video is-provider-youtube wp-block-embed-youtube wp-embed-aspect-16-9 wp-has-aspect-ratio\"><div class=\"wp-block-embed__wrapper\">\n<iframe loading=\"lazy\" title=\"Lun10 clips N\u00b031-Faute antisportive (Ne pas jouer le ballon-C1)\" width=\"960\" height=\"540\" src=\"https:\/\/www.youtube.com\/embed\/SvDMPHN1eq0?feature=oembed\" frameborder=\"0\" allow=\"accelerometer; autoplay; clipboard-write; encrypted-media; gyroscope; picture-in-picture; web-share\" referrerpolicy=\"strict-origin-when-cross-origin\" allowfullscreen><\/iframe>\n<\/div><\/figure>\n\n\n\n<figure class=\"wp-block-embed is-type-video is-provider-youtube wp-block-embed-youtube wp-embed-aspect-16-9 wp-has-aspect-ratio\"><div class=\"wp-block-embed__wrapper\">\n<iframe loading=\"lazy\" title=\"Lun10 clips N\u00b032-Faute antisportive (Contact excessif-dur-C2)\" width=\"960\" height=\"540\" src=\"https:\/\/www.youtube.com\/embed\/yTiwIhKZwT8?feature=oembed\" frameborder=\"0\" allow=\"accelerometer; autoplay; clipboard-write; encrypted-media; gyroscope; picture-in-picture; web-share\" referrerpolicy=\"strict-origin-when-cross-origin\" allowfullscreen><\/iframe>\n<\/div><\/figure>\n\n\n\n<figure class=\"wp-block-embed is-type-video is-provider-youtube wp-block-embed-youtube wp-embed-aspect-16-9 wp-has-aspect-ratio\"><div class=\"wp-block-embed__wrapper\">\n<iframe loading=\"lazy\" title=\"Lun10 clips N\u00b033-Faute antisportive (stopper la transition-C3)\" width=\"960\" height=\"540\" src=\"https:\/\/www.youtube.com\/embed\/8Ac3FvCaHcM?feature=oembed\" frameborder=\"0\" allow=\"accelerometer; autoplay; clipboard-write; encrypted-media; gyroscope; picture-in-picture; web-share\" referrerpolicy=\"strict-origin-when-cross-origin\" allowfullscreen><\/iframe>\n<\/div><\/figure>\n\n\n\n<figure class=\"wp-block-embed is-type-video is-provider-youtube wp-block-embed-youtube wp-embed-aspect-16-9 wp-has-aspect-ratio\"><div class=\"wp-block-embed__wrapper\">\n<iframe loading=\"lazy\" title=\"Lun10 clips N\u00b034-La faute antisportive (Progression vers le panier adverse-C4)\" width=\"960\" height=\"540\" src=\"https:\/\/www.youtube.com\/embed\/Jsi0P-nfUK8?feature=oembed\" frameborder=\"0\" allow=\"accelerometer; autoplay; clipboard-write; encrypted-media; gyroscope; picture-in-picture; web-share\" referrerpolicy=\"strict-origin-when-cross-origin\" allowfullscreen><\/iframe>\n<\/div><\/figure>\n\n\n\n<figure class=\"wp-block-embed is-type-video is-provider-youtube wp-block-embed-youtube wp-embed-aspect-16-9 wp-has-aspect-ratio\"><div class=\"wp-block-embed__wrapper\">\n<iframe loading=\"lazy\" title=\"Lun10 clips N\u00b035-Ballon\/joueur hors jeu\" width=\"960\" height=\"540\" src=\"https:\/\/www.youtube.com\/embed\/FAqMGEITsec?feature=oembed\" frameborder=\"0\" allow=\"accelerometer; autoplay; clipboard-write; encrypted-media; gyroscope; picture-in-picture; web-share\" referrerpolicy=\"strict-origin-when-cross-origin\" allowfullscreen><\/iframe>\n<\/div><\/figure>\n\n\n\n<div class=\"wp-block-file\"><a href=\"http:\/\/www.palaiseau-basket.fr\/wp\/wp-content\/uploads\/2022\/09\/2022-08-23-Nouvelles-Regles-FIBA-2022-2023-applicables-en-France-a-compter-du-8-juillet-2022-V2-BVR-TAD.pdf\">2022-08-23-Nouvelles-Regles-FIBA-2022-2023-applicables-en-France-a-compter-du-8-juillet-2022-V2-BVR-TAD<\/a><a href=\"http:\/\/www.palaiseau-basket.fr\/wp\/wp-content\/uploads\/2022\/09\/2022-08-23-Nouvelles-Regles-FIBA-2022-2023-applicables-en-France-a-compter-du-8-juillet-2022-V2-BVR-TAD.pdf\" class=\"wp-block-file__button wp-element-button\" download>T\u00e9l\u00e9charger<\/a><\/div>\n\n\n\n<figure class=\"wp-block-embed is-type-video is-provider-youtube wp-block-embed-youtube wp-embed-aspect-16-9 wp-has-aspect-ratio\"><div class=\"wp-block-embed__wrapper\">\n<iframe loading=\"lazy\" title=\"Collaboration Arbitres - OTM\" width=\"960\" height=\"540\" src=\"https:\/\/www.youtube.com\/embed\/uSR83A0n_-o?feature=oembed\" frameborder=\"0\" allow=\"accelerometer; autoplay; clipboard-write; encrypted-media; gyroscope; picture-in-picture; web-share\" referrerpolicy=\"strict-origin-when-cross-origin\" allowfullscreen><\/iframe>\n<\/div><\/figure>\n\n\n<p><a href=\"http:\/\/www.palaiseau-basket.fr\/wp\/wp-content\/uploads\/2020\/09\/2020-08-21-IDF-PF-NOTE-Nouvelles-regles-de-jeu-20-21-3501.pdf\" target=\"_blank\" rel=\"noopener noreferrer\">2020-08-21 IDF PF NOTE Nouvelles regles de jeu<\/a><\/p>\n<p><a href=\"https:\/\/www.youtube.com\/watch?v=1zDhM2hAU3g\" target=\"_blank\" rel=\"noopener noreferrer\">LE PAS ZERO<\/a><\/p>\n<h2 style=\"text-align: center;\"><span style=\"color: #3366ff;\">Gestuelle<\/span><\/h2>\n<div>\n<p><a href=\"https:\/\/youtu.be\/BkdmXmdQJds\" target=\"_blank\" rel=\"noopener noreferrer\">COMMUNICATION AVEC LA TABLE<\/a><\/p>\n<p><a href=\"https:\/\/youtu.be\/Cf4SWAiN5dk\" target=\"_blank\" rel=\"noopener noreferrer\">GESTUELLE LES NUMEROS<\/a><\/p>\n<p><a href=\"https:\/\/youtu.be\/O9tpkEjeWBw\" target=\"_blank\" rel=\"noopener noreferrer\">GESTUELLE NATURE DE FAUTES<\/a><\/p>\n<p><a href=\"https:\/\/youtu.be\/JP2L9Bn53Ig\" target=\"_blank\" rel=\"noopener noreferrer\">GESTUELLE TYPES DE FAUTES<\/a><\/p>\n<p><a href=\"https:\/\/youtu.be\/t-uzmI7r1Yo\" target=\"_blank\" rel=\"noopener noreferrer\">GESTUELLE DES VIOLATIONS<\/a><\/p>\n<\/div>\n<div>&nbsp;<\/div>\n<div><a href=\"http:\/\/www.palaiseau-basket.fr\/wp\/wp-content\/uploads\/2017\/09\/MEMENTO-procedures.pdf\" target=\"_blank\" rel=\"noopener noreferrer\">MEMENTO des proc\u00e9dures LR IDF<\/a><\/div>\n<div>&nbsp;<\/div>\n<div>&nbsp;<\/div>\n<div><a href=\"http:\/\/www.palaiseau-basket.fr\/wp\/wp-content\/uploads\/2017\/09\/20171110_093726-1.jpg\"><img loading=\"lazy\" decoding=\"async\" class=\"alignnone wp-image-2701 size-full\" src=\"http:\/\/www.palaiseau-basket.fr\/wp\/wp-content\/uploads\/2017\/09\/20171110_093726-1.jpg\" alt=\"\" width=\"1409\" height=\"1396\" srcset=\"https:\/\/www.palaiseau-basket.fr\/wp\/wp-content\/uploads\/2017\/09\/20171110_093726-1.jpg 1409w, https:\/\/www.palaiseau-basket.fr\/wp\/wp-content\/uploads\/2017\/09\/20171110_093726-1-150x150.jpg 150w, https:\/\/www.palaiseau-basket.fr\/wp\/wp-content\/uploads\/2017\/09\/20171110_093726-1-300x297.jpg 300w, https:\/\/www.palaiseau-basket.fr\/wp\/wp-content\/uploads\/2017\/09\/20171110_093726-1-768x761.jpg 768w, https:\/\/www.palaiseau-basket.fr\/wp\/wp-content\/uploads\/2017\/09\/20171110_093726-1-1024x1015.jpg 1024w\" sizes=\"auto, (max-width: 1409px) 100vw, 1409px\" \/><\/a><\/div>\n<div>&nbsp;<\/div>\n<div><span style=\"text-decoration: underline;\">Communiqu\u00e9 du 06\/11\/17:<\/span><\/div>\n<div>Bonjour \u00e0 tous,<br \/>Consignes applicables d\u00e8s maintenant pour les jeunes R\u00e9gions et D\u00e9partementaux :<b><\/b><\/div>\n<div><b>Pour les U17 comme pour les U15 et U13,<\/b><\/div>\n<p><b>il n\u2019y aura pas de contr\u00f4le de la balle par les arbitres lors des remises en <span id=\"OBJ_PREFIX_DWT304_com_zimbra_date\" class=\"Object\"><span id=\"OBJ_PREFIX_DWT306_com_zimbra_date\" class=\"Object\">jeu<\/span><\/span> en zone arri\u00e8re SUR LES SORTIES DE BALLES ET VIOLATIONS<br \/>( PAS DE <span id=\"OBJ_PREFIX_DWT305_com_zimbra_date\" class=\"Object\"><span id=\"OBJ_PREFIX_DWT307_com_zimbra_date\" class=\"Object\">JEU<\/span><\/span> RAPIDE APRES UNE FAUTE, TEMPS MORT ET REMPLACEMENT )<\/b><\/p>\n<div>\n<div>\n<div>\n<div class=\"gmail_signature\">\n<div dir=\"ltr\">\n<div>\n<div dir=\"ltr\">\n<div>\n<div dir=\"ltr\">\n<div>\n<div dir=\"ltr\">\n<div>\n<p>Amicalement,<\/p>\n<\/div>\n<p><img decoding=\"async\" src=\"https:\/\/docs.google.com\/uc?export=download&amp;id=0BxIbiMpJuOFFaG1zVEFDckd2Tm8&amp;revid=0BxIbiMpJuOFFR2YxZi9IVTNDaXRuN2dJWWROVmg5aXNpL3VrPQ\"><\/p>\n<\/div>\n<\/div>\n<\/div>\n<\/div>\n<\/div>\n<\/div>\n<\/div>\n<\/div>\n<\/div>\n<\/div>\n<\/div>\n<p><a href=\"https:\/\/wetransfer.com\/downloads\/65dbea99351cc6985fcc720b54b287fc20171002233803\/75dfced40fbdea7da4b6133acc0beeb720171002233803\/4d6e57\" target=\"_blank\" rel=\"noopener noreferrer\">FIBA nouvelles r\u00e8gles 2017<\/a><\/p>\n<div><span style=\"text-decoration: underline;\">Communiqu\u00e9 du 06\/10\/17:<\/span><\/div>\n<p>Bonjour \u00e0 tous,<br \/>pour info, \u00e0 partir de cette saison les cat\u00e9gories U13 F ET M REGION joueront en 4 X 10 mn.<br \/>En d\u00e9partement, le temps reste \u00e0 4 X 8 min.<br \/>Merci d&rsquo;en prendre note, Amicalement,<\/p>\n<div dir=\"ltr\">\n<div>\n<div>\n<div>\n<div>\n<div>\n<div class=\"gmail_signature\">\n<div dir=\"ltr\">\n<div>\n<div dir=\"ltr\">\n<div>\n<div dir=\"ltr\">\n<div>\n<div dir=\"ltr\"><img decoding=\"async\" src=\"https:\/\/docs.google.com\/uc?export=download&amp;id=0BxIbiMpJuOFFaG1zVEFDckd2Tm8&amp;revid=0BxIbiMpJuOFFR2YxZi9IVTNDaXRuN2dJWWROVmg5aXNpL3VrPQ\"><\/div>\n<\/div>\n<\/div>\n<\/div>\n<\/div>\n<\/div>\n<\/div>\n<\/div>\n<\/div>\n<\/div>\n<\/div>\n<\/div>\n<\/div>\n<\/div>\n<p><a href=\"http:\/\/www.palaiseau-basket.fr\/wp\/wp-content\/uploads\/2017\/09\/2017-09-04-DFE-OFFICIELS-Information-nouvelles-r\u00e8gles-2017-2018-VFIN_.pdf\" target=\"_blank\" rel=\"noopener noreferrer\">2017-09-04 -DFE-OFFICIELS &#8211; Information nouvelles r\u00e8gles 2017-2018 &#8211; VFIN_<\/a><\/p>\n<p><a href=\"http:\/\/www.palaiseau-basket.fr\/wp\/wp-content\/uploads\/2017\/09\/2017-09-01-Pr\u00e9sentation-Nouvelles-r\u00e8gles-FIBA-saison-2017-2018-V4-Stage-F\u00e9d\u00e9raux.pdf\" target=\"_blank\" rel=\"noopener noreferrer\">2017-09-01 Pr\u00e9sentation Nouvelles r\u00e8gles FIBA &#8211; saison 2017-2018 V4-Stage F\u00e9d\u00e9raux<\/a><\/p>\n<p><a href=\"http:\/\/www.palaiseau-basket.fr\/wp\/wp-content\/uploads\/2017\/09\/2017-08-28-R\u00e9sum\u00e9-des-changements-de-r\u00e8gles-Version-Fran\u00e7aise.pdf\" target=\"_blank\" rel=\"noopener noreferrer\">2017-08-28 R\u00e9sum\u00e9 des changements de r\u00e8gles &#8211; Version Fran\u00e7aise<\/a><\/p>\n<p><a href=\"http:\/\/www.palaiseau-basket.fr\/wp\/wp-content\/uploads\/2017\/09\/2017-08-18_reglement_officiel_du_basketball_2017_-_version_francaise_-_bvr_.pdf\" target=\"_blank\" rel=\"noopener noreferrer\">2017-08-18 reglement officiel du basketball 2017 &#8211; version francaise<\/a><\/p>","protected":false},"excerpt":{"rendered":"<p>2020-08-21 IDF PF NOTE Nouvelles regles de jeu LE PAS ZERO Gestuelle COMMUNICATION AVEC LA TABLE GESTUELLE LES NUMEROS GESTUELLE NATURE DE FAUTES GESTUELLE TYPES DE FAUTES GESTUELLE DES VIOLATIONS &nbsp; MEMENTO des proc\u00e9dures LR IDF &nbsp; &nbsp; &nbsp; Communiqu\u00e9 du 06\/11\/17: Bonjour \u00e0 tous,Consignes applicables d\u00e8s maintenant pour les jeunes R\u00e9gions et D\u00e9partementaux : Pour les U17 comme pour les U15 et U13, il n\u2019y aura pas de contr\u00f4le de la balle par les arbitres lors des remises en jeu en zone arri\u00e8re SUR LES SORTIES DE BALLES ET VIOLATIONS( PAS DE JEU RAPIDE APRES UNE FAUTE, TEMPS MORT ET REMPLACEMENT ) Amicalement, FIBA nouvelles r\u00e8gles 2017 Communiqu\u00e9 du 06\/10\/17: Bonjour \u00e0 tous,pour info, \u00e0 partir de cette saison les cat\u00e9gories U13 F ET M REGION joueront en 4 X 10 mn.En d\u00e9partement, le temps reste \u00e0 4 X 8 min.Merci d&rsquo;en prendre note, Amicalement, 2017-09-04 -DFE-OFFICIELS &#8211; Information nouvelles r\u00e8gles 2017-2018 &#8211; VFIN_ 2017-09-01 Pr\u00e9sentation Nouvelles r\u00e8gles FIBA &#8211; saison 2017-2018 V4-Stage F\u00e9d\u00e9raux 2017-08-28 R\u00e9sum\u00e9 des changements de r\u00e8gles &#8211; Version Fran\u00e7aise 2017-08-18 reglement officiel du basketball 2017 &#8211; version francaise<\/p>\n","protected":false},"author":3,"featured_media":0,"parent":0,"menu_order":0,"comment_status":"closed","ping_status":"closed","template":"","meta":{"footnotes":""},"class_list":["post-2465","page","type-page","status-publish","hentry"],"aioseo_notices":[],"_links":{"self":[{"href":"https:\/\/www.palaiseau-basket.fr\/wp\/wp-json\/wp\/v2\/pages\/2465","targetHints":{"allow":["GET"]}}],"collection":[{"href":"https:\/\/www.palaiseau-basket.fr\/wp\/wp-json\/wp\/v2\/pages"}],"about":[{"href":"https:\/\/www.palaiseau-basket.fr\/wp\/wp-json\/wp\/v2\/types\/page"}],"author":[{"embeddable":true,"href":"https:\/\/www.palaiseau-basket.fr\/wp\/wp-json\/wp\/v2\/users\/3"}],"replies":[{"embeddable":true,"href":"https:\/\/www.palaiseau-basket.fr\/wp\/wp-json\/wp\/v2\/comments?post=2465"}],"version-history":[{"count":44,"href":"https:\/\/www.palaiseau-basket.fr\/wp\/wp-json\/wp\/v2\/pages\/2465\/revisions"}],"predecessor-version":[{"id":7156,"href":"https:\/\/www.palaiseau-basket.fr\/wp\/wp-json\/wp\/v2\/pages\/2465\/revisions\/7156"}],"wp:attachment":[{"href":"https:\/\/www.palaiseau-basket.fr\/wp\/wp-json\/wp\/v2\/media?parent=2465"}],"curies":[{"name":"wp","href":"https:\/\/api.w.org\/{rel}","templated":true}]}}