{"id":664,"date":"2014-09-22T15:57:42","date_gmt":"2014-09-22T14:57:42","guid":{"rendered":"http:\/\/www.palaiseau-basket.fr\/wp\/?page_id=664"},"modified":"2024-04-11T00:19:09","modified_gmt":"2024-04-10T23:19:09","slug":"sm3","status":"publish","type":"page","link":"https:\/\/www.palaiseau-basket.fr\/wp\/sm2\/sm3\/","title":{"rendered":"SM3 &#8211; DM4"},"content":{"rendered":"\n<figure class=\"wp-block-image size-large\"><img loading=\"lazy\" decoding=\"async\" width=\"1024\" height=\"768\" src=\"https:\/\/www.palaiseau-basket.fr\/wp\/wp-content\/uploads\/2024\/04\/SM3-23-24-1024x768.jpg\" alt=\"\" class=\"wp-image-6908\" srcset=\"https:\/\/www.palaiseau-basket.fr\/wp\/wp-content\/uploads\/2024\/04\/SM3-23-24-1024x768.jpg 1024w, https:\/\/www.palaiseau-basket.fr\/wp\/wp-content\/uploads\/2024\/04\/SM3-23-24-300x225.jpg 300w, https:\/\/www.palaiseau-basket.fr\/wp\/wp-content\/uploads\/2024\/04\/SM3-23-24-150x113.jpg 150w, https:\/\/www.palaiseau-basket.fr\/wp\/wp-content\/uploads\/2024\/04\/SM3-23-24-768x576.jpg 768w, https:\/\/www.palaiseau-basket.fr\/wp\/wp-content\/uploads\/2024\/04\/SM3-23-24-1536x1152.jpg 1536w, https:\/\/www.palaiseau-basket.fr\/wp\/wp-content\/uploads\/2024\/04\/SM3-23-24.jpg 1600w\" sizes=\"auto, (max-width: 1024px) 100vw, 1024px\" \/><\/figure>\n\n\n<h2>Les joueurs<\/h2>\n<p>Num\u00e9ro,Nom,Poste,Taille<\/p>\n<p><span style=\"color: #000000;\">4,Romuald A.,,<\/span><\/p>\n<p><span style=\"color: #000000;\">6,Colas B.,,<\/span><\/p>\n<p><span style=\"color: #000000;\">8,Alexandre B.,,<\/span><\/p>\n<p><span style=\"color: #000000;\">9,St\u00e9phane G.,,<\/span><\/p>\n<p><span style=\"color: #000000;\">10,Pierrick G.,,<\/span><\/p>\n<p><span style=\"color: #000000;\">11,Julien I.,,<\/span><\/p>\n<p><span style=\"color: #000000;\">12,Cl\u00e9ment L.,,<\/span><\/p>\n<p><span style=\"color: #000000;\">13,Baptiste L.,,<\/span><\/p>\n<p>4,Axel L.,,<\/p>\n<p><span style=\"color: #000000;\">15,Sylvain L.T.,,<\/span><\/p>\n<p><span style=\"color: #000000;\">16,L\u00e9onard M,,<\/span><\/p>\n<p><span style=\"color: #000000;\">17,Florent M.,,<\/span><\/p>\n<p><span style=\"color: #000000;\">18,Henry P.,,<\/span><\/p>\n<p><span style=\"color: #000000;\">19,Rapha\u00ebl P.,,<\/span><\/p>\n<p>20, Barth\u00e9l\u00e9my P.,,<\/p>\n<p>E.,Aur\u00e9lie D.,Entraineur,<\/p>\n<p>E.,Sylvain L.T.,Entraineur,<\/p>\n<p>E.A.,Colas B., Entraineur Adj.,<\/p>\n<h2>Entra\u00eenements<\/h2>\n<p>Jour,Horaire,Gymnase<\/p>\n<p>Voir le planning des entrainements<\/p>\n<h3><span style=\"color: #0000ff;\">Calendrier (pr\u00e9visionnel):<\/span><\/h3>","protected":false},"excerpt":{"rendered":"<p>Les joueurs Num\u00e9ro,Nom,Poste,Taille 4,Romuald A.,, 6,Colas B.,, 8,Alexandre B.,, 9,St\u00e9phane G.,, 10,Pierrick G.,, 11,Julien I.,, 12,Cl\u00e9ment L.,, 13,Baptiste L.,, 4,Axel L.,, 15,Sylvain L.T.,, 16,L\u00e9onard M,, 17,Florent M.,, 18,Henry P.,, 19,Rapha\u00ebl P.,, 20, Barth\u00e9l\u00e9my P.,, E.,Aur\u00e9lie D.,Entraineur, E.,Sylvain L.T.,Entraineur, E.A.,Colas B., Entraineur Adj., Entra\u00eenements Jour,Horaire,Gymnase Voir le planning des entrainements Calendrier (pr\u00e9visionnel):<\/p>\n","protected":false},"author":2,"featured_media":0,"parent":665,"menu_order":0,"comment_status":"closed","ping_status":"closed","template":"","meta":{"footnotes":""},"class_list":["post-664","page","type-page","status-publish","hentry"],"aioseo_notices":[],"_links":{"self":[{"href":"https:\/\/www.palaiseau-basket.fr\/wp\/wp-json\/wp\/v2\/pages\/664","targetHints":{"allow":["GET"]}}],"collection":[{"href":"https:\/\/www.palaiseau-basket.fr\/wp\/wp-json\/wp\/v2\/pages"}],"about":[{"href":"https:\/\/www.palaiseau-basket.fr\/wp\/wp-json\/wp\/v2\/types\/page"}],"author":[{"embeddable":true,"href":"https:\/\/www.palaiseau-basket.fr\/wp\/wp-json\/wp\/v2\/users\/2"}],"replies":[{"embeddable":true,"href":"https:\/\/www.palaiseau-basket.fr\/wp\/wp-json\/wp\/v2\/comments?post=664"}],"version-history":[{"count":43,"href":"https:\/\/www.palaiseau-basket.fr\/wp\/wp-json\/wp\/v2\/pages\/664\/revisions"}],"predecessor-version":[{"id":6909,"href":"https:\/\/www.palaiseau-basket.fr\/wp\/wp-json\/wp\/v2\/pages\/664\/revisions\/6909"}],"up":[{"embeddable":true,"href":"https:\/\/www.palaiseau-basket.fr\/wp\/wp-json\/wp\/v2\/pages\/665"}],"wp:attachment":[{"href":"https:\/\/www.palaiseau-basket.fr\/wp\/wp-json\/wp\/v2\/media?parent=664"}],"curies":[{"name":"wp","href":"https:\/\/api.w.org\/{rel}","templated":true}]}}